{"id":15,"date":"2021-03-11T22:24:25","date_gmt":"2021-03-11T22:24:25","guid":{"rendered":"http:\/\/cristaleriafernando.net\/?page_id=15"},"modified":"2022-07-26T18:09:31","modified_gmt":"2022-07-26T18:09:31","slug":"15-2","status":"publish","type":"page","link":"https:\/\/cristaleriafernando.net\/","title":{"rendered":"Home"},"content":{"rendered":"<div id='av_section_1'  class='avia-section main_color avia-section-small avia-no-border-styling  av-parallax-section avia-bg-style-parallax  avia-builder-el-0  el_before_av_one_full  avia-builder-el-first   av-minimum-height av-minimum-height-75  container_wrap fullsize' style=' '  data-section-bg-repeat='no-repeat' data-av_minimum_height_pc='75'><div class='av-parallax' data-avia-parallax-ratio='0.3' ><div class='av-parallax-inner main_color  avia-full-stretch' style = 'background-repeat: no-repeat; background-image: url(https:\/\/cristaleriafernando.net\/wp-content\/uploads\/2021\/03\/IMG_20200131_174936.jpg);background-attachment: scroll; background-position: top center; ' ><\/div><\/div><div class='container' ><main  role=\"main\" itemprop=\"mainContentOfPage\"  class='template-page content  av-content-full alpha units'><div class='post-entry post-entry-type-page post-entry-15'><div class='entry-content-wrapper clearfix'>\n<div class='flex_column_table av-equal-height-column-flextable -flextable' ><div class=\"flex_column av_one_fourth  flex_column_table_cell av-equal-height-column av-align-top av-zero-column-padding first  avia-builder-el-1  el_before_av_three_fourth  avia-builder-el-first  \" style='border-radius:0px; '><\/div><div class='av-flex-placeholder'><\/div><div class=\"flex_column av_three_fourth  flex_column_table_cell av-equal-height-column av-align-top   avia-builder-el-2  el_after_av_one_fourth  avia-builder-el-last  \" style='background: rgba(244,244,244,0.7); padding:3rem 3rem 3rem 2rem ; background-color:rgba(244,244,244,0.7); border-radius:10px; '><p><div  style='padding-bottom:0px; margin:1.2 1.2 1.2 1.2; color:#000000;' class='av-special-heading av-special-heading-h1 custom-color-heading blockquote classic-quote  avia-builder-el-3  el_before_av_buttonrow  avia-builder-el-first  '><h1 class='av-special-heading-tag '  itemprop=\"headline\"  >Cristaler\u00eda Fernando<\/h1><div class ='av-subheading av-subheading_below av_custom_color ' style='font-size:15px;'><p>Somos una empresa especializada en la instalaci\u00f3n de vidrio, realizamos cualquier tipo de acristalamiento, desde mamparas de ba\u00f1o a cerramientos de porches o barandillas de escalera. En nuestra web puedes encontrar una muestra de los trabajos que hemos ido realizando organizados por el tipo de instalaci\u00f3n.<br \/>\nTambi\u00e9n disponemos de horno de fundido de vidrio con el que realizamos de manera artesanal vidrios decorados totalmente personalizados para que puedas dar un toque especial a tu hogar.<br \/>\nNo dudes en visitarnos en nuestras instalaciones en Malia\u00f1o donde podr\u00e1s ver nuestra exposici\u00f3n y podremos darte asesoramiento y ayudarte a realizar la instalaci\u00f3n que deseas.<br \/>\nY recuerda seguirnos en nuestras redes sociales de Facebook e Instagram donde podr\u00e1s encontrar fotos de todas las instalaciones que vamos realizando.<\/p>\n<\/div><div class='special-heading-border'><div class='special-heading-inner-border' style='border-color:#000000'><\/div><\/div><\/div><br \/>\n<div  class='avia-buttonrow-wrap avia-buttonrow-right   avia-builder-el-4  el_after_av_heading  avia-builder-el-last '>\n<a href='https:\/\/www.facebook.com\/cristaleriafernandocant' class='avia-button  avia-icon_select-yes-left-icon avia-size-small ' target=\"_blank\" rel=\"noopener noreferrer\" style='background-color:#004af9; border-color:#004af9; color:#ffffff; margin-bottom:5px; margin-left:5px; '><span class='avia_button_icon avia_button_icon_left ' aria-hidden='true' data-av_icon='\ue8f5' data-av_iconfont='entypo-fontello'><\/span><span class='avia_iconbox_title' >Facebook<\/span><span class='avia_button_background avia-button avia-color-custom' style='background-color:#004af9;'><\/span><\/a>\n<a href='https:\/\/www.instagram.com\/cristaleriafernando\/' class='avia-button  avia-color-theme-color  avia-icon_select-yes-left-icon avia-size-small ' target=\"_blank\" rel=\"noopener noreferrer\" style='margin-bottom:5px; margin-left:5px; '><span class='avia_button_icon avia_button_icon_left ' aria-hidden='true' data-av_icon='\uf16d' data-av_iconfont='entypo-fontello'><\/span><span class='avia_iconbox_title' >Instagram<\/span><\/a>\n<\/div><\/p><\/div><\/div><!--close column table wrapper. Autoclose: 1 -->\n<\/div><\/div><\/main><!-- close content main element --><\/div><\/div><div id='after_section_1'  class='main_color av_default_container_wrap container_wrap fullsize' style=' '  ><div class='container' ><div class='template-page content  av-content-full alpha units'><div class='post-entry post-entry-type-page post-entry-15'><div class='entry-content-wrapper clearfix'>\n<div class=\"flex_column av_one_full  flex_column_div av-zero-column-padding first  avia-builder-el-5  el_after_av_section  el_before_av_section  avia-builder-el-no-sibling  \" style='border-radius:0px; '><p><div   class='hr hr-default   avia-builder-el-6  el_before_av_masonry_entries  avia-builder-el-no-sibling '><span class='hr-inner ' ><span class='hr-inner-style'><\/span><\/span><\/div><br \/>\n<div id='av-masonry-1' class='av-masonry  noHover av-fixed-size av-large-gap av-hover-overlay-active av-masonry-animation-active av-masonry-col-4 av-caption-always av-caption-style-overlay  av-orientation-portrait-large  '  ><div class='av-masonry-container isotope av-js-disabled ' ><div class='av-masonry-entry isotope-item av-masonry-item-no-image '><\/div><a href=\"https:\/\/cristaleriafernando.net\/index.php\/2021\/03\/11\/escaleras\/\"  id='av-masonry-1-item-30' data-av-masonry-item='30' class='av-masonry-entry isotope-item post-30 post type-post status-publish format-standard has-post-thumbnail hentry category-trabajos  av-masonry-item-with-image' title=\"Foto de escalera\"  itemscope=\"itemscope\" itemtype=\"https:\/\/schema.org\/CreativeWork\" ><div class='av-inner-masonry-sizer'><\/div><figure class='av-inner-masonry main_color'><div class=\"av-masonry-outerimage-container\"><div class=\"av-masonry-image-container\" style=\"background-image: url(https:\/\/cristaleriafernando.net\/wp-content\/uploads\/2021\/03\/PANO_20140609_110006-2-528x705.jpg);\" title=\"Foto de escalera\"  alt=\"Foto de escalera\" ><\/div><\/div><figcaption class='av-inner-masonry-content site-background'><div class='av-inner-masonry-content-pos'><div class='av-inner-masonry-content-pos-content'><div class='avia-arrow'><\/div><h3 class='av-masonry-entry-title entry-title '  itemprop=\"headline\" >Escaleras<\/h3><span class='av-masonry-date meta-color updated'>11 de marzo de 2021<\/span><span class=\"av-masonry-text-sep text-sep-author\">\/<\/span><span class='av-masonry-author meta-color author'><span class='fn'>por jorge7895@gmail.com<\/span><\/span><\/div><\/div><\/figcaption><\/figure><\/a><!--end av-masonry entry--><a href=\"https:\/\/cristaleriafernando.net\/index.php\/2021\/03\/12\/cerramientos\/\"  id='av-masonry-1-item-193' data-av-masonry-item='193' class='av-masonry-entry isotope-item post-193 post type-post status-publish format-standard has-post-thumbnail hentry category-trabajos  av-masonry-item-with-image' title=\"Foto de cerramiento\"  itemscope=\"itemscope\" itemtype=\"https:\/\/schema.org\/CreativeWork\" ><div class='av-inner-masonry-sizer'><\/div><figure class='av-inner-masonry main_color'><div class=\"av-masonry-outerimage-container\"><div class=\"av-masonry-image-container\" style=\"background-image: url(https:\/\/cristaleriafernando.net\/wp-content\/uploads\/2021\/03\/IMG_20201104_181612-529x705.jpg);\" title=\"Foto de cerramiento\"  alt=\"Foto de cerramiento\" ><\/div><\/div><figcaption class='av-inner-masonry-content site-background'><div class='av-inner-masonry-content-pos'><div class='av-inner-masonry-content-pos-content'><div class='avia-arrow'><\/div><h3 class='av-masonry-entry-title entry-title '  itemprop=\"headline\" >Cerramientos<\/h3><span class='av-masonry-date meta-color updated'>12 de marzo de 2021<\/span><span class=\"av-masonry-text-sep text-sep-author\">\/<\/span><span class='av-masonry-author meta-color author'><span class='fn'>por jorge7895@gmail.com<\/span><\/span><\/div><\/div><\/figcaption><\/figure><\/a><!--end av-masonry entry--><a href=\"https:\/\/cristaleriafernando.net\/index.php\/2021\/03\/11\/mamparas\/\"  id='av-masonry-1-item-23' data-av-masonry-item='23' class='av-masonry-entry isotope-item post-23 post type-post status-publish format-standard has-post-thumbnail hentry category-trabajos  av-masonry-item-with-image' title=\"Mampara de ducha\"  itemscope=\"itemscope\" itemtype=\"https:\/\/schema.org\/CreativeWork\" ><div class='av-inner-masonry-sizer'><\/div><figure class='av-inner-masonry main_color'><div class=\"av-masonry-outerimage-container\"><div class=\"av-masonry-image-container\" style=\"background-image: url(https:\/\/cristaleriafernando.net\/wp-content\/uploads\/2021\/03\/IMG_20200820_192450-529x705.jpg);\" title=\"Mampara de ducha\"  alt=\"Mampara de ducha\" ><\/div><\/div><figcaption class='av-inner-masonry-content site-background'><div class='av-inner-masonry-content-pos'><div class='av-inner-masonry-content-pos-content'><div class='avia-arrow'><\/div><h3 class='av-masonry-entry-title entry-title '  itemprop=\"headline\" >Mamparas<\/h3><span class='av-masonry-date meta-color updated'>11 de marzo de 2021<\/span><span class=\"av-masonry-text-sep text-sep-author\">\/<\/span><span class='av-masonry-author meta-color author'><span class='fn'>por jorge7895@gmail.com<\/span><\/span><\/div><\/div><\/figcaption><\/figure><\/a><!--end av-masonry entry--><a href=\"https:\/\/cristaleriafernando.net\/index.php\/2021\/03\/12\/vidrio-decorado\/\"  id='av-masonry-1-item-205' data-av-masonry-item='205' class='av-masonry-entry isotope-item post-205 post type-post status-publish format-gallery has-post-thumbnail hentry category-trabajos post_format-post-format-gallery  av-masonry-item-with-image' title=\"Vidrio decorado\"  itemscope=\"itemscope\" itemtype=\"https:\/\/schema.org\/CreativeWork\" ><div class='av-inner-masonry-sizer'><\/div><figure class='av-inner-masonry main_color'><div class=\"av-masonry-outerimage-container\"><div class=\"av-masonry-image-container\" style=\"background-image: url(https:\/\/cristaleriafernando.net\/wp-content\/uploads\/2021\/03\/IMG_20191203_170820-705x529.jpg);\" title=\"Vidrio decorado\"  alt=\"Vidrio decorado\" ><\/div><\/div><figcaption class='av-inner-masonry-content site-background'><div class='av-inner-masonry-content-pos'><div class='av-inner-masonry-content-pos-content'><div class='avia-arrow'><\/div><h3 class='av-masonry-entry-title entry-title '  itemprop=\"headline\" >Vidrio decorado<\/h3><span class='av-masonry-date meta-color updated'>12 de marzo de 2021<\/span><span class=\"av-masonry-text-sep text-sep-author\">\/<\/span><span class='av-masonry-author meta-color author'><span class='fn'>por jorge7895@gmail.com<\/span><\/span><\/div><\/div><\/figcaption><\/figure><\/a><!--end av-masonry entry--><\/div><\/div><br \/>\n<div   class='hr hr-default   avia-builder-el-8  el_after_av_masonry_entries  avia-builder-el-no-sibling '><span class='hr-inner ' ><span class='hr-inner-style'><\/span><\/span><\/div><\/p><\/div>\n<\/div><\/div><\/div><!-- close content main div --><\/div><\/div><div id='av_section_2'  class='avia-section main_color avia-section-default avia-no-border-styling  av-parallax-section avia-bg-style-parallax  avia-builder-el-9  el_after_av_one_full  avia-builder-el-last   av-minimum-height av-minimum-height-75  container_wrap fullsize' style=' '  data-section-bg-repeat='no-repeat' data-av_minimum_height_pc='75'><div class='av-parallax' data-avia-parallax-ratio='0.3' ><div class='av-parallax-inner main_color  avia-full-stretch' style = 'background-repeat: no-repeat; background-image: url(https:\/\/cristaleriafernando.net\/wp-content\/uploads\/2021\/03\/IMG_20200123_195150.jpg);background-attachment: scroll; background-position: center center; ' ><\/div><\/div><div class='container' ><div class='template-page content  av-content-full alpha units'><div class='post-entry post-entry-type-page post-entry-15'><div class='entry-content-wrapper clearfix'>\n<div class='flex_column_table av-equal-height-column-flextable -flextable' ><div class=\"flex_column av_one_half  no_margin flex_column_table_cell av-equal-height-column av-align-middle first  avia-builder-el-10  el_before_av_one_half  avia-builder-el-first  \" style='background: rgba(244,244,244,0.63); padding:0 1.2rem 1.2rem 1.2rem ; background-color:rgba(244,244,244,0.63); border-radius:10px 0px 0px 10px ; '><p><div  style='padding-bottom:0px; margin:3% 3% 3% 3%; color:#000000;' class='av-special-heading av-special-heading-h2 custom-color-heading blockquote classic-quote  avia-builder-el-11  el_before_av_heading  avia-builder-el-first  '><h2 class='av-special-heading-tag '  itemprop=\"headline\"  >Puedes encontrarnos en:<\/h2><div class ='av-subheading av-subheading_below av_custom_color ' style='font-size:15px;'><p>Calle Hermandad de donantes de sangre numero 1 bajo<\/p>\n<\/div><div class='special-heading-border'><div class='special-heading-inner-border' style='border-color:#000000'><\/div><\/div><\/div><br \/>\n<div  style='padding-bottom:0px; margin:3% 3% 3% 3%; color:#000000;' class='av-special-heading av-special-heading-h2 custom-color-heading blockquote classic-quote  avia-builder-el-12  el_after_av_heading  avia-builder-el-last  '><h2 class='av-special-heading-tag '  itemprop=\"headline\"  >Contacto: <\/h2><div class ='av-subheading av-subheading_below av_custom_color ' style='font-size:15px;'><p>Tel\u00e9fono: <a href=\"tel:+34625300090\">625300090<\/a><br \/>\nE-mail: <a href=\"mailto:cristaleriafernando_2@hotmail.com\">cristaleriafernando_2@hotmail.com<\/a><\/p>\n<\/div><div class='special-heading-border'><div class='special-heading-inner-border' style='border-color:#000000'><\/div><\/div><\/div><\/p><\/div><div class=\"flex_column av_one_half  no_margin flex_column_table_cell av-equal-height-column av-align-middle   avia-builder-el-13  el_after_av_one_half  avia-builder-el-last  \" style='background: rgba(244,244,244,0.63); padding:3rem 3rem 3rem 3rem ; background-color:rgba(244,244,244,0.63); border-radius:0px 10px 10px 0px ; ' id=\"caja\" ><div  id=\"mapa\"  style='padding-bottom:10px; margin:0% 0% 0% 0%; ' class='av-special-heading av-special-heading-h2  blockquote classic-quote  avia-builder-el-14  avia-builder-el-no-sibling  '><h2 class='av-special-heading-tag '  itemprop=\"headline\"  >Ubicaci\u00f3n<\/h2><div class ='av-subheading av-subheading_below  ' style='font-size:15px;'><div id=\"wpgmza_map\" class=\"wpgmza_map\" data-settings='{\"id\":\"1\",\"map_title\":\"Tienda\",\"map_width\":\"100\",\"map_height\":\"400\",\"map_start_lat\":\"43.419137771943554\",\"map_start_lng\":\"-3.845417297519007\",\"map_start_location\":\"45.950464398418106,-109.81550500000003\",\"map_start_zoom\":\"17\",\"default_marker\":\"\",\"type\":\"0\",\"alignment\":\"4\",\"directions_enabled\":\"0\",\"styling_enabled\":\"0\",\"styling_json\":\"\",\"active\":\"0\",\"kml\":\"\",\"bicycle\":\"0\",\"traffic\":\"0\",\"dbox\":\"0\",\"dbox_width\":\"\",\"listmarkers\":\"0\",\"listmarkers_advanced\":\"0\",\"filterbycat\":\"0\",\"ugm_enabled\":\"0\",\"ugm_category_enabled\":\"0\",\"fusion\":\"\",\"map_width_type\":\"%\",\"map_height_type\":\"px\",\"mass_marker_support\":\"0\",\"ugm_access\":\"0\",\"order_markers_by\":\"0\",\"order_markers_choice\":\"0\",\"show_user_location\":\"0\",\"default_to\":\"\",\"other_settings\":{\"map_type\":1,\"sl_stroke_color\":\"\",\"sl_fill_color\":\"\",\"sl_stroke_opacity\":\"\",\"sl_fill_opacity\":\"\",\"transport_layer\":false,\"action\":\"wpgmza_save_map\",\"redirect_to\":\"\\\/wp-admin\\\/admin-post.php\",\"map_id\":\"1\",\"http_referer\":\"\\\/wp-admin\\\/admin.php?page=wp-google-maps-menu&amp;override=1&amp;action=edit&amp;map_id=1\",\"wpgmza_id\":\"1\",\"wpgmza_start_location\":\"43.419137771943554,-3.845417297519007\",\"wpgmza_start_zoom\":\"17\",\"store_locator_enabled\":false,\"store_locator_search_area\":\"radial\",\"wpgmza_store_locator_radius_style\":\"legacy\",\"wpgmza_store_locator_default_radius\":\"10\",\"store_locator_auto_area_max_zoom\":\"\",\"store_locator_distance\":false,\"wpgmza_store_locator_position\":false,\"store_locator_show_distance\":false,\"store_locator_category\":false,\"wpgmza_store_locator_use_their_location\":false,\"wpgmza_store_locator_bounce\":false,\"wpgmza_sl_animation\":null,\"wpgmza_store_locator_hide_before_search\":false,\"store_locator_query_string\":\"\",\"store_locator_default_address\":\"\",\"store_locator_name_search\":false,\"store_locator_name_string\":\"\",\"store_locator_not_found_message\":\"\",\"wpgmza_map_align\":\"1\",\"jump_to_nearest_marker_on_initialization\":false,\"automatically_pan_to_users_location\":false,\"override_users_location_zoom_level\":false,\"override_users_location_zoom_levels\":\"\",\"show_distance_from_location\":false,\"map_max_zoom\":\"21\",\"map_min_zoom\":\"0\",\"click_open_link\":false,\"fit_maps_bounds_to_markers\":false,\"fit_maps_bounds_to_markers_after_filtering\":false,\"hide_point_of_interest\":false,\"wpgmza_zoom_on_marker_click\":false,\"wpgmza_zoom_on_marker_click_slider\":\"\",\"close_infowindow_on_map_click\":false,\"disable_lightbox_images\":false,\"use_Raw_Jpeg_Coordinates\":false,\"polygon_labels\":false,\"disable_polygon_info_windows\":false,\"enable_marker_ratings\":false,\"only_load_markers_within_viewport\":false,\"iw_primary_color\":\"\",\"iw_accent_color\":\"\",\"iw_text_color\":\"\",\"wpgmza_listmarkers_by\":\"0\",\"wpgmza_marker_listing_position\":false,\"datatable_no_result_message\":\"\",\"remove_search_box_datables\":false,\"dataTable_pagination_style\":null,\"datatable_search_string\":\"\",\"datatable_result_start\":\"\",\"datatable_result_of\":\"\",\"datatable_result_to\":\"\",\"datatable_result_total\":\"\",\"datatable_result_show\":\"\",\"datatable_result_entries\":\"\",\"wpgmza_savemap\":\"Guardar Mapa \\u00bb\"}}' data-map-id='1' Data-maps-engine='open-layers' data-shortcode-attributes='{\"id\":\"1\"}' style=\"display:block; overflow:auto; width:100%; height:400px; float:left;\"><\/div>\n<\/div><div class='special-heading-border'><div class='special-heading-inner-border' ><\/div><\/div><\/div><\/div><\/div><!--close column table wrapper. Autoclose: 1 -->\n","protected":false},"excerpt":{"rendered":"","protected":false},"author":1,"featured_media":0,"parent":0,"menu_order":0,"comment_status":"closed","ping_status":"closed","template":"","meta":[],"_links":{"self":[{"href":"https:\/\/cristaleriafernando.net\/index.php\/wp-json\/wp\/v2\/pages\/15"}],"collection":[{"href":"https:\/\/cristaleriafernando.net\/index.php\/wp-json\/wp\/v2\/pages"}],"about":[{"href":"https:\/\/cristaleriafernando.net\/index.php\/wp-json\/wp\/v2\/types\/page"}],"author":[{"embeddable":true,"href":"https:\/\/cristaleriafernando.net\/index.php\/wp-json\/wp\/v2\/users\/1"}],"replies":[{"embeddable":true,"href":"https:\/\/cristaleriafernando.net\/index.php\/wp-json\/wp\/v2\/comments?post=15"}],"version-history":[{"count":73,"href":"https:\/\/cristaleriafernando.net\/index.php\/wp-json\/wp\/v2\/pages\/15\/revisions"}],"predecessor-version":[{"id":246,"href":"https:\/\/cristaleriafernando.net\/index.php\/wp-json\/wp\/v2\/pages\/15\/revisions\/246"}],"wp:attachment":[{"href":"https:\/\/cristaleriafernando.net\/index.php\/wp-json\/wp\/v2\/media?parent=15"}],"curies":[{"name":"wp","href":"https:\/\/api.w.org\/{rel}","templated":true}]}}